{"id":132,"date":"2020-06-02T07:30:10","date_gmt":"2020-06-02T07:30:10","guid":{"rendered":"http:\/\/sw-themes.com\/porto_dummy\/?page_id=132"},"modified":"2022-01-12T09:45:58","modified_gmt":"2022-01-12T09:45:58","slug":"general-construction","status":"publish","type":"page","link":"https:\/\/djeddi-immobilier.com\/fr\/index.php\/services\/general-construction\/","title":{"rendered":"PROJET TIGZIRT"},"content":{"rendered":"<p>[vc_row][vc_column]<div class=\"porto-carousel owl-carousel has-ccols ccols-1 mb-4 dots-style-1\" data-plugin-options=\"{&quot;stagePadding&quot;:0,&quot;margin&quot;:0,&quot;autoplay&quot;:false,&quot;autoplayTimeout&quot;:5000,&quot;autoplayHoverPause&quot;:false,&quot;items&quot;:1,&quot;lg&quot;:1,&quot;md&quot;:1,&quot;sm&quot;:1,&quot;xs&quot;:1,&quot;nav&quot;:false,&quot;dots&quot;:&quot;yes&quot;,&quot;animateIn&quot;:&quot;&quot;,&quot;animateOut&quot;:&quot;&quot;,&quot;loop&quot;:false,&quot;center&quot;:false,&quot;video&quot;:false,&quot;lazyLoad&quot;:false,&quot;fullscreen&quot;:false}\">[vc_single_image image=\u00a0\u00bb371&Prime; img_size=\u00a0\u00bbfull\u00a0\u00bb el_class=\u00a0\u00bbmb-0&Prime;][vc_single_image image=\u00a0\u00bb372&Prime; img_size=\u00a0\u00bbfull\u00a0\u00bb el_class=\u00a0\u00bbmb-0&Prime;][vc_single_image image=\u00a0\u00bb373&Prime; img_size=\u00a0\u00bbfull\u00a0\u00bb el_class=\u00a0\u00bbmb-0&Prime;][vc_single_image image=\u00a0\u00bb374&Prime; img_size=\u00a0\u00bbfull\u00a0\u00bb el_class=\u00a0\u00bbmb-0&Prime;][vc_single_image image=\u00a0\u00bb375&Prime; img_size=\u00a0\u00bbfull\u00a0\u00bb el_class=\u00a0\u00bbmb-0&Prime;][vc_single_image image=\u00a0\u00bb376&Prime; img_size=\u00a0\u00bbfull\u00a0\u00bb el_class=\u00a0\u00bbmb-0&Prime;][vc_single_image image=\u00a0\u00bb377&Prime; img_size=\u00a0\u00bbfull\u00a0\u00bb el_class=\u00a0\u00bbmb-0&Prime;]<\/div>[vc_column_text el_class=\u00a0\u00bbmb-3&Prime;]<\/p>\n<p class=\"font-size-xl\" style=\"text-align: center;\"><strong>R\u00e9alisation d&rsquo;un projet de 193 Logements en R+ 9 + 2 S\/sols \u00e0 F\u00e9raoun sur la RN24 sortie-Est TIGZIRT<\/strong><\/p>\n<p>MA\u00ceTRE DE L&rsquo;OUVRAGE: SARL \u00ab\u00a0DJEDDI IMMOBILIER\u00a0\u00bb<br \/>\nENTREPRISE DE REALISATION : \u00ab\u00a0M.A.D BUILDING\u00a0\u00bb DJEDDI Nouredine<br \/>\nMA\u00ceTRE D&rsquo;\u0152UVRE: B.E.T \u00ab\u00a0Lakrouz\u00a0\u00bb Fr\u00e9ha<br \/>\nORGANISME DE CONTR\u00d4LE TECHNIQUE: CTC Tizi-Ouzou<br \/>\nCONDUCTEUR DES TRAVAUX : Ing\u00e9nieur G\u00e9nie Civil<br \/>\nCHARGE DU SUIVI: B.E.T \u00ab\u00a0TIDMIMT Lounis\u00a0\u00bb Fr\u00e9ha<br \/>\nSUPERFICIE ASSIETTE: 3 794,65 m2 avec une emprise au sol de : 1 665,00m2[\/vc_column_text][vc_custom_heading text=\u00a0\u00bbEn cours d\u2019\u00e9dification depuis mars 2021, le projet suivant est propos\u00e9 par la SARL aux acqu\u00e9reurs potentiels en mettant toutes ses comp\u00e9tences pour les satisfaire. Comme \u00e0 l\u2019accoutum\u00e9e, les clients trouveront empathie, facilit\u00e9 et d\u2019autres artifices de commodit\u00e9 sp\u00e9cifique au b\u00e9n\u00e9fice du client.<br \/>\nAu dur choc de la r\u00e9alit\u00e9 quotidienne en mati\u00e8re de l\u2019immobilier, la SARL DJEDDI oppose tout le poids de ses capacit\u00e9s ainsi que sa d\u00e9termination \u00e0 \u0153uvrer essentiellement dans l\u2019int\u00e9r\u00eat de sa client\u00e8le.\u00a0\u00bb font_container=\u00a0\u00bbtag:p|text_align:left\u00a0\u00bb use_theme_fonts=\u00a0\u00bbyes\u00a0\u00bb el_class=\u00a0\u00bbmb-0&Prime;][\/vc_column][\/vc_row][vc_row el_class=\u00a0\u00bbmy-5 align-items-center\u00a0\u00bb][vc_column el_class=\u00a0\u00bbmb-5 mb-lg-0&Prime; offset=\u00a0\u00bbvc_col-md-7&Prime;][vc_single_image image=\u00a0\u00bb143&Prime; img_size=\u00a0\u00bbfull\u00a0\u00bb animation_delay=\u00a0\u00bb200&Prime; el_class=\u00a0\u00bbmax-w-90 mb-0 pc-img\u00a0\u00bb animation_type=\u00a0\u00bbfadeIn\u00a0\u00bb][vc_single_image image=\u00a0\u00bb396&Prime; img_size=\u00a0\u00bbfull\u00a0\u00bb animation_delay=\u00a0\u00bb500&Prime; el_class=\u00a0\u00bbpc-img-about pc-img mb-0&Prime; animation_type=\u00a0\u00bbzoomIn\u00a0\u00bb][\/vc_column][vc_column offset=\u00a0\u00bbvc_col-md-5&Prime; el_class=\u00a0\u00bbmt-4 mt-md-5 mt-lg-0&Prime;][vc_column_text el_class=\u00a0\u00bbm-b-md pl-lg-3&Prime;]Apr\u00e8s plusieurs \u00e9difications men\u00e9es \u00e0 terme, r\u00e9alisation et vente, dans des conditions satisfaisantes, nous sommes heureux de vous proposer\u00a0 un nouveau projet dont les caract\u00e9ristiques techniques et naturelles sont exceptionnelles \u00e0 plus d\u2019un titre.<\/p>\n<p>De prime abord, l\u2019avantage essentiel\u00a0 du terrain destin\u00e9 \u00e0 recevoir le projet est\u00a0 ind\u00e9niablement attrayant\u00a0 notamment par sa promiscuit\u00e9\u00a0 des plages \u00ab F\u00e9raoun \u00bb.Le site offre une vue\u00a0 sans limite jusqu\u2019\u00e0 l\u2019horizon, l\u00e0 o\u00f9 le firmament rejoint les flots de la M\u00e9diterran\u00e9e. Aucun mouvement\u00a0 sur la mer\u00a0 n\u2019\u00e9chappera, de jour comme de nuit, aux yeux avides et curieux des r\u00e9sidents.[\/vc_column_text][\/vc_column][\/vc_row][vc_row][vc_column][vc_custom_heading text=\u00a0\u00bbLes immeubles juxtapos\u00e9s deux \u00e0 deux sont r\u00e9alis\u00e9s sur deux socles suffisamment \u00e9lev\u00e9s l\u2019un par rapport \u00e0 l\u2019autre pour pr\u00e9server une vue sur mer permanente \u00e0 tous les niveaux des appartements. Un immense espace am\u00e9nag\u00e9 en VRD est pr\u00e9vu entre les blocs dans le souci d\u2019un ressenti de libert\u00e9 et de bien-\u00eatre appr\u00e9ciables.<br \/>\nLa mitoyennet\u00e9 du projet avec les limites de la ZET imm\u00e9diatement sur la RN24 vers Azeffoun garantit en l\u2019\u00e9tat la p\u00e9rennit\u00e9 de la vue tout azimut. D\u2019un balcon ou d\u2019une terrasse de l\u2019ensemble immobilier, le regard peut s\u2019\u00e9merveiller de la d\u00e9chiqueture de la c\u00f4te \u00e0 l\u2019ouest jusqu\u2019\u00e0 Dellys. A l\u2019est, le cap \u00ab Tedlest \u00bb et le vieux \u00ab Taksebt \u00bb s\u2019offrent aux yeux dans toute leur splendeur charg\u00e9e d\u2019histoire des Romains \u00e0 nos jours. La courbe escarp\u00e9e des collines avoisinantes se d\u00e9voile \u00e0 la vue comme scarifi\u00e9e par le ruban d\u2019asphalte qu\u2019est la RN24 ouverte, jadis,\u00e0 l\u2019huile de coude par des prisonniers et quelques autochtones durant la seconde guerre mondiale. L\u2019inscription rupestre \u00ab HARTAR \u00bbest le stigmate et t\u00e9moignage d\u2019alors de l\u2019acharnement humain sur la roche.\u00a0\u00bb font_container=\u00a0\u00bbtag:p|text_align:left\u00a0\u00bb use_theme_fonts=\u00a0\u00bbyes\u00a0\u00bb]<div class=\"porto-process process-horizontal mb-2\"><div class=\"process-step\" data-appear-animation=\"fadeInLeft\" data-appear-animation-delay=\"200\"><div class=\"process-step-circle\"><strong class=\"process-step-circle-content\">02<\/strong><\/div><div class=\"process-step-content\"><h4 class=\"step-item-title\">Nombre de Bloc<\/h4><div class=\"process-step-desc\">Lorem ipsum dolor sit amet<\/div><\/div><\/div><div class=\"process-step\" data-appear-animation=\"fadeInLeft\" data-appear-animation-delay=\"400\"><div class=\"process-step-circle\"><strong class=\"process-step-circle-content\">113<\/strong><\/div><div class=\"process-step-content\"><h4 class=\"step-item-title\">Logements<\/h4><div class=\"process-step-desc\">R\u00e9partis en 70 type F2 et 43 type F3<\/div><\/div><\/div><div class=\"process-step\" data-appear-animation=\"fadeInLeft\" data-appear-animation-delay=\"600\"><div class=\"process-step-circle\"><strong class=\"process-step-circle-content\">14<\/strong><\/div><div class=\"process-step-content\"><h4 class=\"step-item-title\">Bureaux &amp; Locaux<\/h4><div class=\"process-step-desc\">R\u00e9parties \u00e9quitablement en bureaux commerciaux et locaux de service<\/div><\/div><\/div><div class=\"process-step\" data-appear-animation=\"fadeInLeft\" data-appear-animation-delay=\"800\"><div class=\"process-step-circle\"><strong class=\"process-step-circle-content\">113<\/strong><\/div><div class=\"process-step-content\"><h4 class=\"step-item-title\">Parking<\/h4><div class=\"process-step-desc\">Places de parking sur 2 sous sols<\/div><\/div><\/div><\/div>[vc_custom_heading text=\u00a0\u00bbUne fois achev\u00e9, l\u2019ensemble r\u00e9sidentiel mettra encore plus en exergue tous ses arguments architecturaux et autres qui, nous sommes convaincus, seront tr\u00e8s appr\u00e9ci\u00e9s par nos clients.<\/p>\n<p>Enfin, les merveilles naturelles du site et les vestiges Romains par lesquels Tigzirt fut \u00e9lev\u00e9e dans l\u2019antiquit\u00e9 au rang de municipalit\u00e9 allient TOURISME, DECOUVERTES arch\u00e9ologiques et \u2026DETENTE.\u00a0\u00bb font_container=\u00a0\u00bbtag:p|text_align:left\u00a0\u00bb use_theme_fonts=\u00a0\u00bbyes\u00a0\u00bb][\/vc_column][\/vc_row]<\/p>\n","protected":false},"excerpt":{"rendered":"<p>[vc_row][vc_column][vc_column_text el_class=\u00a0\u00bbmb-3&Prime;] R\u00e9alisation d&rsquo;un projet de 193 Logements en R+ 9 + 2 S\/sols \u00e0 F\u00e9raoun sur la RN24 sortie-Est TIGZIRT MA\u00ceTRE DE L&rsquo;OUVRAGE: SARL \u00ab\u00a0DJEDDI IMMOBILIER\u00a0\u00bb ENTREPRISE DE REALISATION : \u00ab\u00a0M.A.D BUILDING\u00a0\u00bb DJEDDI Nouredine MA\u00ceTRE D&rsquo;\u0152UVRE: B.E.T \u00ab\u00a0Lakrouz\u00a0\u00bb Fr\u00e9ha ORGANISME DE CONTR\u00d4LE TECHNIQUE: CTC Tizi-Ouzou CONDUCTEUR DES TRAVAUX : Ing\u00e9nieur G\u00e9nie Civil CHARGE DU [&hellip;]<\/p>\n","protected":false},"author":1,"featured_media":0,"parent":39,"menu_order":0,"comment_status":"closed","ping_status":"closed","template":"","meta":{"footnotes":""},"class_list":["post-132","page","type-page","status-publish","hentry"],"yoast_head":"<!-- This site is optimized with the Yoast SEO Premium plugin v16.6 (Yoast SEO v27.3) - https:\/\/yoast.com\/product\/yoast-seo-premium-wordpress\/ -->\n<title>PROJET TIGZIRT - DJEDDI IMMOBILIER<\/title>\n<meta name=\"robots\" content=\"index, follow, max-snippet:-1, max-image-preview:large, max-video-preview:-1\" \/>\n<link rel=\"canonical\" href=\"https:\/\/djeddi-immobilier.com\/fr\/index.php\/services\/general-construction\/\" \/>\n<meta property=\"og:locale\" content=\"fr_FR\" \/>\n<meta property=\"og:type\" content=\"article\" \/>\n<meta property=\"og:title\" content=\"PROJET TIGZIRT\" \/>\n<meta property=\"og:description\" content=\"[vc_row][vc_column][vc_column_text el_class=\u00a0\u00bbmb-3&Prime;] R\u00e9alisation d&rsquo;un projet de 193 Logements en R+ 9 + 2 S\/sols \u00e0 F\u00e9raoun sur la RN24 sortie-Est TIGZIRT MA\u00ceTRE DE L&rsquo;OUVRAGE: SARL \u00ab\u00a0DJEDDI IMMOBILIER\u00a0\u00bb ENTREPRISE DE REALISATION : \u00ab\u00a0M.A.D BUILDING\u00a0\u00bb DJEDDI Nouredine MA\u00ceTRE D&rsquo;\u0152UVRE: B.E.T \u00ab\u00a0Lakrouz\u00a0\u00bb Fr\u00e9ha ORGANISME DE CONTR\u00d4LE TECHNIQUE: CTC Tizi-Ouzou CONDUCTEUR DES TRAVAUX : Ing\u00e9nieur G\u00e9nie Civil CHARGE DU [&hellip;]\" \/>\n<meta property=\"og:url\" content=\"https:\/\/djeddi-immobilier.com\/fr\/index.php\/services\/general-construction\/\" \/>\n<meta property=\"og:site_name\" content=\"DJEDDI IMMOBILIER\" \/>\n<meta property=\"article:modified_time\" content=\"2022-01-12T09:45:58+00:00\" \/>\n<meta name=\"twitter:card\" content=\"summary_large_image\" \/>\n<meta name=\"twitter:label1\" content=\"Dur\u00e9e de lecture estim\u00e9e\" \/>\n\t<meta name=\"twitter:data1\" content=\"4 minutes\" \/>\n<script type=\"application\/ld+json\" class=\"yoast-schema-graph\">{\"@context\":\"https:\\\/\\\/schema.org\",\"@graph\":[{\"@type\":\"WebPage\",\"@id\":\"https:\\\/\\\/djeddi-immobilier.com\\\/fr\\\/index.php\\\/services\\\/general-construction\\\/\",\"url\":\"https:\\\/\\\/djeddi-immobilier.com\\\/fr\\\/index.php\\\/services\\\/general-construction\\\/\",\"name\":\"PROJET TIGZIRT - DJEDDI IMMOBILIER\",\"isPartOf\":{\"@id\":\"https:\\\/\\\/djeddi-immobilier.com\\\/fr\\\/#website\"},\"datePublished\":\"2020-06-02T07:30:10+00:00\",\"dateModified\":\"2022-01-12T09:45:58+00:00\",\"breadcrumb\":{\"@id\":\"https:\\\/\\\/djeddi-immobilier.com\\\/fr\\\/index.php\\\/services\\\/general-construction\\\/#breadcrumb\"},\"inLanguage\":\"fr-FR\",\"potentialAction\":[{\"@type\":\"ReadAction\",\"target\":[\"https:\\\/\\\/djeddi-immobilier.com\\\/fr\\\/index.php\\\/services\\\/general-construction\\\/\"]}]},{\"@type\":\"BreadcrumbList\",\"@id\":\"https:\\\/\\\/djeddi-immobilier.com\\\/fr\\\/index.php\\\/services\\\/general-construction\\\/#breadcrumb\",\"itemListElement\":[{\"@type\":\"ListItem\",\"position\":1,\"name\":\"Home\",\"item\":\"https:\\\/\\\/djeddi-immobilier.com\\\/fr\\\/\"},{\"@type\":\"ListItem\",\"position\":2,\"name\":\"Services\",\"item\":\"https:\\\/\\\/djeddi-immobilier.com\\\/fr\\\/index.php\\\/services\\\/\"},{\"@type\":\"ListItem\",\"position\":3,\"name\":\"PROJET TIGZIRT\"}]},{\"@type\":\"WebSite\",\"@id\":\"https:\\\/\\\/djeddi-immobilier.com\\\/fr\\\/#website\",\"url\":\"https:\\\/\\\/djeddi-immobilier.com\\\/fr\\\/\",\"name\":\"DJEDDI IMMOBILIER\",\"description\":\"PROMOTION IMMOBILIERE\",\"potentialAction\":[{\"@type\":\"SearchAction\",\"target\":{\"@type\":\"EntryPoint\",\"urlTemplate\":\"https:\\\/\\\/djeddi-immobilier.com\\\/fr\\\/?s={search_term_string}\"},\"query-input\":{\"@type\":\"PropertyValueSpecification\",\"valueRequired\":true,\"valueName\":\"search_term_string\"}}],\"inLanguage\":\"fr-FR\"}]}<\/script>\n<!-- \/ Yoast SEO Premium plugin. -->","yoast_head_json":{"title":"PROJET TIGZIRT - DJEDDI IMMOBILIER","robots":{"index":"index","follow":"follow","max-snippet":"max-snippet:-1","max-image-preview":"max-image-preview:large","max-video-preview":"max-video-preview:-1"},"canonical":"https:\/\/djeddi-immobilier.com\/fr\/index.php\/services\/general-construction\/","og_locale":"fr_FR","og_type":"article","og_title":"PROJET TIGZIRT","og_description":"[vc_row][vc_column][vc_column_text el_class=\u00a0\u00bbmb-3&Prime;] R\u00e9alisation d&rsquo;un projet de 193 Logements en R+ 9 + 2 S\/sols \u00e0 F\u00e9raoun sur la RN24 sortie-Est TIGZIRT MA\u00ceTRE DE L&rsquo;OUVRAGE: SARL \u00ab\u00a0DJEDDI IMMOBILIER\u00a0\u00bb ENTREPRISE DE REALISATION : \u00ab\u00a0M.A.D BUILDING\u00a0\u00bb DJEDDI Nouredine MA\u00ceTRE D&rsquo;\u0152UVRE: B.E.T \u00ab\u00a0Lakrouz\u00a0\u00bb Fr\u00e9ha ORGANISME DE CONTR\u00d4LE TECHNIQUE: CTC Tizi-Ouzou CONDUCTEUR DES TRAVAUX : Ing\u00e9nieur G\u00e9nie Civil CHARGE DU [&hellip;]","og_url":"https:\/\/djeddi-immobilier.com\/fr\/index.php\/services\/general-construction\/","og_site_name":"DJEDDI IMMOBILIER","article_modified_time":"2022-01-12T09:45:58+00:00","twitter_card":"summary_large_image","twitter_misc":{"Dur\u00e9e de lecture estim\u00e9e":"4 minutes"},"schema":{"@context":"https:\/\/schema.org","@graph":[{"@type":"WebPage","@id":"https:\/\/djeddi-immobilier.com\/fr\/index.php\/services\/general-construction\/","url":"https:\/\/djeddi-immobilier.com\/fr\/index.php\/services\/general-construction\/","name":"PROJET TIGZIRT - DJEDDI IMMOBILIER","isPartOf":{"@id":"https:\/\/djeddi-immobilier.com\/fr\/#website"},"datePublished":"2020-06-02T07:30:10+00:00","dateModified":"2022-01-12T09:45:58+00:00","breadcrumb":{"@id":"https:\/\/djeddi-immobilier.com\/fr\/index.php\/services\/general-construction\/#breadcrumb"},"inLanguage":"fr-FR","potentialAction":[{"@type":"ReadAction","target":["https:\/\/djeddi-immobilier.com\/fr\/index.php\/services\/general-construction\/"]}]},{"@type":"BreadcrumbList","@id":"https:\/\/djeddi-immobilier.com\/fr\/index.php\/services\/general-construction\/#breadcrumb","itemListElement":[{"@type":"ListItem","position":1,"name":"Home","item":"https:\/\/djeddi-immobilier.com\/fr\/"},{"@type":"ListItem","position":2,"name":"Services","item":"https:\/\/djeddi-immobilier.com\/fr\/index.php\/services\/"},{"@type":"ListItem","position":3,"name":"PROJET TIGZIRT"}]},{"@type":"WebSite","@id":"https:\/\/djeddi-immobilier.com\/fr\/#website","url":"https:\/\/djeddi-immobilier.com\/fr\/","name":"DJEDDI IMMOBILIER","description":"PROMOTION IMMOBILIERE","potentialAction":[{"@type":"SearchAction","target":{"@type":"EntryPoint","urlTemplate":"https:\/\/djeddi-immobilier.com\/fr\/?s={search_term_string}"},"query-input":{"@type":"PropertyValueSpecification","valueRequired":true,"valueName":"search_term_string"}}],"inLanguage":"fr-FR"}]}},"_links":{"self":[{"href":"https:\/\/djeddi-immobilier.com\/fr\/index.php\/wp-json\/wp\/v2\/pages\/132","targetHints":{"allow":["GET"]}}],"collection":[{"href":"https:\/\/djeddi-immobilier.com\/fr\/index.php\/wp-json\/wp\/v2\/pages"}],"about":[{"href":"https:\/\/djeddi-immobilier.com\/fr\/index.php\/wp-json\/wp\/v2\/types\/page"}],"author":[{"embeddable":true,"href":"https:\/\/djeddi-immobilier.com\/fr\/index.php\/wp-json\/wp\/v2\/users\/1"}],"replies":[{"embeddable":true,"href":"https:\/\/djeddi-immobilier.com\/fr\/index.php\/wp-json\/wp\/v2\/comments?post=132"}],"version-history":[{"count":9,"href":"https:\/\/djeddi-immobilier.com\/fr\/index.php\/wp-json\/wp\/v2\/pages\/132\/revisions"}],"predecessor-version":[{"id":400,"href":"https:\/\/djeddi-immobilier.com\/fr\/index.php\/wp-json\/wp\/v2\/pages\/132\/revisions\/400"}],"up":[{"embeddable":true,"href":"https:\/\/djeddi-immobilier.com\/fr\/index.php\/wp-json\/wp\/v2\/pages\/39"}],"wp:attachment":[{"href":"https:\/\/djeddi-immobilier.com\/fr\/index.php\/wp-json\/wp\/v2\/media?parent=132"}],"curies":[{"name":"wp","href":"https:\/\/api.w.org\/{rel}","templated":true}]}}