{"id":2,"date":"2020-06-01T03:50:09","date_gmt":"2020-06-01T03:50:09","guid":{"rendered":"https:\/\/djeddi-immobilier.com\/fr\/?page_id=2"},"modified":"2022-06-01T15:23:14","modified_gmt":"2022-06-01T15:23:14","slug":"home","status":"publish","type":"page","link":"https:\/\/djeddi-immobilier.com\/fr\/","title":{"rendered":"Promotion-immobiliere-djeddi-tigzirt-tizi-ouzou-algerie"},"content":{"rendered":"<p>[vc_row wrap_container=\u00a0\u00bbyes\u00a0\u00bb el_class=\u00a0\u00bbsection-angled-layer-bottom mb-5 mb-lg-0&Prime; css=\u00a0\u00bb.vc_custom_1591089628316{background-color: #f4f4f4 !important;}\u00a0\u00bb][vc_column el_class=\u00a0\u00bbcustom-select-slide active py-5&Prime; offset=\u00a0\u00bbvc_col-md-4&Prime;][vc_custom_heading text=\u00a0\u00bbPromotion Immobili\u00e8re\u00a0\u00bb font_container=\u00a0\u00bbtag:h4|font_size:1.3125rem|text_align:left\u00a0\u00bb use_theme_fonts=\u00a0\u00bbyes\u00a0\u00bb el_class=\u00a0\u00bbmt-2&Prime;][vc_custom_heading text=\u00a0\u00bbPour la r\u00e9alisation des projets immobiliers. Logements, locaux de services, espaces commerciaux &#8230;\u00a0\u00bb font_container=\u00a0\u00bbtag:p|text_align:left\u00a0\u00bb use_theme_fonts=\u00a0\u00bbyes\u00a0\u00bb el_class=\u00a0\u00bbmb-2&Prime;][vc_custom_heading text=\u00a0\u00bbVOIR PLUS\u00a0\u00bb font_container=\u00a0\u00bbtag:p|text_align:left\u00a0\u00bb use_theme_fonts=\u00a0\u00bbyes\u00a0\u00bb font_weight=\u00a0\u00bb700&Prime; skin=\u00a0\u00bbprimary\u00a0\u00bb link=\u00a0\u00bburl:https%3A%2F%2Fdjeddi-immobilier.com%2Ffr%2Findex.php%2Fabout-us%2F|title:About%20Us\u00a0\u00bb el_class=\u00a0\u00bbmb-0 mb-lg-3&Prime;][\/vc_column][vc_column el_class=\u00a0\u00bbcustom-select-slide pt-lg-5 pb-5&Prime; offset=\u00a0\u00bbvc_col-md-4&Prime;][vc_custom_heading text=\u00a0\u00bbM.A .D BUILDING Entreprise de b\u00e2timent\u00a0\u00bb font_container=\u00a0\u00bbtag:h4|font_size:1.3125rem|text_align:left\u00a0\u00bb use_theme_fonts=\u00a0\u00bbyes\u00a0\u00bb el_class=\u00a0\u00bbmt-lg-2&Prime;][vc_custom_heading text=\u00a0\u00bbSoci\u00e9t\u00e9 appartenant au groupe qui a pour vocation la r\u00e9alisation cl\u00e8 en mains des projets de la promotion.\u00a0\u00bb font_container=\u00a0\u00bbtag:p|text_align:left\u00a0\u00bb use_theme_fonts=\u00a0\u00bbyes\u00a0\u00bb el_class=\u00a0\u00bbmb-2&Prime;][vc_custom_heading text=\u00a0\u00bbVOIR PLUS\u00a0\u00bb font_container=\u00a0\u00bbtag:p|text_align:left\u00a0\u00bb use_theme_fonts=\u00a0\u00bbyes\u00a0\u00bb font_weight=\u00a0\u00bb700&Prime; skin=\u00a0\u00bbprimary\u00a0\u00bb link=\u00a0\u00bburl:https%3A%2F%2Fdjeddi-immobilier.com%2Ffr%2Findex.php%2Fabout-us%2F|title:About%20Us\u00a0\u00bb el_class=\u00a0\u00bbmb-0 mb-lg-3&Prime;][\/vc_column][vc_column el_class=\u00a0\u00bbcustom-select-slide pt-lg-5 pb-5&Prime; offset=\u00a0\u00bbvc_col-md-4&Prime;][vc_custom_heading text=\u00a0\u00bbCentrale \u00e0 BETON\u00a0\u00bb font_container=\u00a0\u00bbtag:h4|font_size:1.3125rem|text_align:left\u00a0\u00bb use_theme_fonts=\u00a0\u00bbyes\u00a0\u00bb el_class=\u00a0\u00bbmt-lg-2&Prime;][vc_custom_heading text=\u00a0\u00bbAcquise afin de fournir en quantit\u00e9 et, surtout, en qualit\u00e9 les besoins en b\u00e9ton pour la construction des promotions.\u00a0\u00bb font_container=\u00a0\u00bbtag:p|text_align:left\u00a0\u00bb use_theme_fonts=\u00a0\u00bbyes\u00a0\u00bb el_class=\u00a0\u00bbmb-2&Prime; link=\u00a0\u00bburl:https%3A%2F%2Fdjeddi-immobilier.com%2Ffr%2Findex.php%2Fabout-us%2F\u00a0\u00bb][vc_custom_heading text=\u00a0\u00bbREAD MORE+\u00a0\u00bb font_container=\u00a0\u00bbtag:p|text_align:left\u00a0\u00bb use_theme_fonts=\u00a0\u00bbyes\u00a0\u00bb font_weight=\u00a0\u00bb700&Prime; skin=\u00a0\u00bbprimary\u00a0\u00bb link=\u00a0\u00bburl:https%3A%2F%2Fwww.portotheme.com%2Fwordpress%2Fporto%2Fconstruction2%2Fabout-us%2F|title:About%20Us||\u00a0\u00bb el_class=\u00a0\u00bbmb-0 mb-lg-3&Prime;][\/vc_column][\/vc_row][vc_row wrap_container=\u00a0\u00bbyes\u00a0\u00bb el_id=\u00a0\u00bbservices\u00a0\u00bb][vc_column][vc_row_inner][vc_column_inner width=\u00a0\u00bb1\/2&Prime;][vc_single_image image=\u00a0\u00bb380&Prime; img_size=\u00a0\u00bbfull\u00a0\u00bb animation_delay=\u00a0\u00bb200&Prime; el_class=\u00a0\u00bbmax-w-90 mb-0 pc-img\u00a0\u00bb animation_type=\u00a0\u00bbfadeIn\u00a0\u00bb][vc_single_image image=\u00a0\u00bb381&Prime; img_size=\u00a0\u00bbfull\u00a0\u00bb animation_delay=\u00a0\u00bb300&Prime; el_class=\u00a0\u00bbpc-img-about pc-img\u00a0\u00bb animation_type=\u00a0\u00bbzoomIn\u00a0\u00bb][\/vc_column_inner][vc_column_inner width=\u00a0\u00bb1\/2&Prime;][vc_custom_heading text=\u00a0\u00bbQUI SOMMES-NOUS\u00a0\u00bb font_container=\u00a0\u00bbtag:p|text_align:left\u00a0\u00bb use_theme_fonts=\u00a0\u00bbyes\u00a0\u00bb el_class=\u00a0\u00bbmt-5 mb-1&Prime;][vc_custom_heading text=\u00a0\u00bbSARL DJEDDI IMMOBILIER &#8211; TIGZIRT\u00a0\u00bb font_container=\u00a0\u00bbtag:h2|font_size:1.75rem|text_align:left|line_height:1&Prime; use_theme_fonts=\u00a0\u00bbyes\u00a0\u00bb el_class=\u00a0\u00bbmb-2&Prime;][vc_custom_heading text=\u00a0\u00bbLa SARL \u00ab DJEDDI IMMOBILIER \u00bb est l\u2019une des Entreprises Eponymes \u00bbDJEDDI \u00bb qui s\u2019est donn\u00e9e tous les moyens mat\u00e9riels et humains d\u00e9di\u00e9s au respect de la qualit\u00e9 de l\u2019\u0153uvre et des d\u00e9lais de r\u00e9alisation de ses projets immobiliers. La satisfaction du client est une r\u00e9compense majeure de la SARL.<br \/>\nElle poss\u00e8de une entreprise de promotion immobili\u00e8re charg\u00e9e de la gestion des ventes, une Entreprise de b\u00e2timent pour les r\u00e9alisations et une Centrale \u00e0 b\u00e9ton dont la production lui est exclusivement r\u00e9serv\u00e9e. Cette exclusivit\u00e9 lui assure un contr\u00f4le rigoureux du travail et une prise de d\u00e9cision efficace en temps r\u00e9el.<br \/>\nLa qualification et la stabilit\u00e9 de ses personnels conjugu\u00e9es avec sa longue exp\u00e9rience en la mati\u00e8re sont des gages de r\u00e9ussite appr\u00e9ciables et permettent d\u2019affirmer que son slogan \u00ab Nous construisons jusqu\u2019au bout de vos r\u00eaves \u00bb n\u2019est et ne sera jamais vain.\u00a0\u00bb font_container=\u00a0\u00bbtag:p|font_size:1.2em|text_align:left\u00a0\u00bb use_theme_fonts=\u00a0\u00bbyes\u00a0\u00bb el_class=\u00a0\u00bbpt-2 mb-4&Prime;][vc_custom_heading text=\u00a0\u00bbLIRE PLUS\u00a0\u00bb font_container=\u00a0\u00bbtag:p|text_align:left\u00a0\u00bb use_theme_fonts=\u00a0\u00bbyes\u00a0\u00bb font_weight=\u00a0\u00bb700&Prime; skin=\u00a0\u00bbprimary\u00a0\u00bb link=\u00a0\u00bburl:https%3A%2F%2Fdjeddi-immobilier.com%2Ffr%2Findex.php%2Fabout-us%2F|title:About%20Us\u00a0\u00bb el_class=\u00a0\u00bbmb-3&Prime;][\/vc_column_inner][\/vc_row_inner][\/vc_column][\/vc_row][vc_row css=\u00a0\u00bb.vc_custom_1641902860585{background-color: #ffffff !important;}\u00a0\u00bb][vc_column width=\u00a0\u00bb1\/2&Prime;][vc_text_separator title=\u00a0\u00bbNOS PROJETS EN COURS\u00a0\u00bb border_width=\u00a0\u00bb5&Prime;][vc_column_text]<\/p>\n<p class=\"font-size-xl\"><strong>R\u00e9alisation d\u2019un projet de 193 Logements en R+ 9 + 2 S\/sols \u00e0 F\u00e9raoun sur la RN24 sortie-Est TIGZIRT<\/strong><\/p>\n<p>MA\u00ceTRE DE L\u2019OUVRAGE: SARL \u201cDJEDDI IMMOBILIER\u201d<br \/>\nENTREPRISE DE REALISATION : \u201cM.A.D BUILDING\u201d DJEDDI Nouredine<br \/>\nMA\u00ceTRE D\u2019\u0152UVRE: B.E.T \u201cLakrouz\u201d Fr\u00e9ha<br \/>\nORGANISME DE CONTR\u00d4LE TECHNIQUE: CTC Tizi-Ouzou<br \/>\nCONDUCTEUR DES TRAVAUX : Ing\u00e9nieur G\u00e9nie Civil<br \/>\nCHARGE DU SUIVI: B.E.T \u201cTIDMIMT Lounis\u201d Fr\u00e9ha<br \/>\nSUPERFICIE ASSIETTE: 3 794,65 m2 avec une emprise au sol de : 1 665,00m2[\/vc_column_text][vc_btn title=\u00a0\u00bbVOIR PLUS\u00a0\u00bb color=\u00a0\u00bbdanger\u00a0\u00bb link=\u00a0\u00bburl:https%3A%2F%2Fdjeddi-immobilier.com%2Ffr%2Findex.php%2Fservices%2Fgeneral-construction%2F\u00a0\u00bb][\/vc_column][vc_column width=\u00a0\u00bb1\/2&Prime;][vc_gallery type=\u00a0\u00bbnivo\u00a0\u00bb interval=\u00a0\u00bb3&Prime; images=\u00a0\u00bb402,403,404,405,406,407,408,409&Prime; img_size=\u00a0\u00bbfull\u00a0\u00bb][\/vc_column][\/vc_row]<\/p>\n","protected":false},"excerpt":{"rendered":"<p>[vc_row wrap_container=\u00a0\u00bbyes\u00a0\u00bb el_class=\u00a0\u00bbsection-angled-layer-bottom mb-5 mb-lg-0&Prime; css=\u00a0\u00bb.vc_custom_1591089628316{background-color: #f4f4f4 !important;}\u00a0\u00bb][vc_column el_class=\u00a0\u00bbcustom-select-slide active py-5&Prime; offset=\u00a0\u00bbvc_col-md-4&Prime;][vc_custom_heading text=\u00a0\u00bbPromotion Immobili\u00e8re\u00a0\u00bb font_container=\u00a0\u00bbtag:h4|font_size:1.3125rem|text_align:left\u00a0\u00bb use_theme_fonts=\u00a0\u00bbyes\u00a0\u00bb el_class=\u00a0\u00bbmt-2&Prime;][vc_custom_heading text=\u00a0\u00bbPour la r\u00e9alisation des projets immobiliers. Logements, locaux de services, espaces commerciaux &#8230;\u00a0\u00bb font_container=\u00a0\u00bbtag:p|text_align:left\u00a0\u00bb use_theme_fonts=\u00a0\u00bbyes\u00a0\u00bb el_class=\u00a0\u00bbmb-2&Prime;][vc_custom_heading text=\u00a0\u00bbVOIR PLUS\u00a0\u00bb font_container=\u00a0\u00bbtag:p|text_align:left\u00a0\u00bb use_theme_fonts=\u00a0\u00bbyes\u00a0\u00bb font_weight=\u00a0\u00bb700&Prime; skin=\u00a0\u00bbprimary\u00a0\u00bb link=\u00a0\u00bburl:https%3A%2F%2Fdjeddi-immobilier.com%2Ffr%2Findex.php%2Fabout-us%2F|title:About%20Us\u00a0\u00bb el_class=\u00a0\u00bbmb-0 mb-lg-3&Prime;][\/vc_column][vc_column el_class=\u00a0\u00bbcustom-select-slide pt-lg-5 pb-5&Prime; offset=\u00a0\u00bbvc_col-md-4&Prime;][vc_custom_heading text=\u00a0\u00bbM.A .D BUILDING Entreprise de b\u00e2timent\u00a0\u00bb font_container=\u00a0\u00bbtag:h4|font_size:1.3125rem|text_align:left\u00a0\u00bb use_theme_fonts=\u00a0\u00bbyes\u00a0\u00bb el_class=\u00a0\u00bbmt-lg-2&Prime;][vc_custom_heading [&hellip;]<\/p>\n","protected":false},"author":1,"featured_media":0,"parent":0,"menu_order":0,"comment_status":"closed","ping_status":"closed","template":"","meta":{"footnotes":""},"class_list":["post-2","page","type-page","status-publish","hentry"],"yoast_head":"<!-- This site is optimized with the Yoast SEO Premium plugin v16.6 (Yoast SEO v27.3) - https:\/\/yoast.com\/product\/yoast-seo-premium-wordpress\/ -->\n<title>Promotion-immobiliere-djeddi-tigzirt-tizi-ouzou-algerie -<\/title>\n<meta name=\"description\" content=\"Prmotion immobili\u00e8re. Vente appartements, locaux commerciaux. Entreprise de construction et b\u00e2timent. Centrale \u00e0 b\u00e9ton. Tizi Ouzou Algerie.\" \/>\n<meta name=\"robots\" content=\"index, follow, max-snippet:-1, max-image-preview:large, max-video-preview:-1\" \/>\n<link rel=\"canonical\" href=\"https:\/\/djeddi-immobilier.com\/fr\/\" \/>\n<meta property=\"og:locale\" content=\"fr_FR\" \/>\n<meta property=\"og:type\" content=\"article\" \/>\n<meta property=\"og:title\" content=\"Promotion-immobiliere-djeddi-tigzirt-tizi-ouzou-algerie\" \/>\n<meta property=\"og:description\" content=\"Prmotion immobili\u00e8re. Vente appartements, locaux commerciaux. Entreprise de construction et b\u00e2timent. Centrale \u00e0 b\u00e9ton. Tizi Ouzou Algerie.\" \/>\n<meta property=\"og:url\" content=\"https:\/\/djeddi-immobilier.com\/fr\/\" \/>\n<meta property=\"og:site_name\" content=\"DJEDDI IMMOBILIER\" \/>\n<meta property=\"article:modified_time\" content=\"2022-06-01T15:23:14+00:00\" \/>\n<meta name=\"twitter:card\" content=\"summary_large_image\" \/>\n<meta name=\"twitter:label1\" content=\"Dur\u00e9e de lecture estim\u00e9e\" \/>\n\t<meta name=\"twitter:data1\" content=\"4 minutes\" \/>\n<script type=\"application\/ld+json\" class=\"yoast-schema-graph\">{\"@context\":\"https:\\\/\\\/schema.org\",\"@graph\":[{\"@type\":\"WebPage\",\"@id\":\"https:\\\/\\\/djeddi-immobilier.com\\\/fr\\\/\",\"url\":\"https:\\\/\\\/djeddi-immobilier.com\\\/fr\\\/\",\"name\":\"Promotion-immobiliere-djeddi-tigzirt-tizi-ouzou-algerie -\",\"isPartOf\":{\"@id\":\"https:\\\/\\\/djeddi-immobilier.com\\\/fr\\\/#website\"},\"datePublished\":\"2020-06-01T03:50:09+00:00\",\"dateModified\":\"2022-06-01T15:23:14+00:00\",\"description\":\"Prmotion immobili\u00e8re. Vente appartements, locaux commerciaux. Entreprise de construction et b\u00e2timent. Centrale \u00e0 b\u00e9ton. Tizi Ouzou Algerie.\",\"breadcrumb\":{\"@id\":\"https:\\\/\\\/djeddi-immobilier.com\\\/fr\\\/#breadcrumb\"},\"inLanguage\":\"fr-FR\",\"potentialAction\":[{\"@type\":\"ReadAction\",\"target\":[\"https:\\\/\\\/djeddi-immobilier.com\\\/fr\\\/\"]}]},{\"@type\":\"BreadcrumbList\",\"@id\":\"https:\\\/\\\/djeddi-immobilier.com\\\/fr\\\/#breadcrumb\",\"itemListElement\":[{\"@type\":\"ListItem\",\"position\":1,\"name\":\"Home\",\"item\":\"https:\\\/\\\/djeddi-immobilier.com\\\/fr\\\/\"},{\"@type\":\"ListItem\",\"position\":2,\"name\":\"Promotion-immobiliere-djeddi-tigzirt-tizi-ouzou-algerie\"}]},{\"@type\":\"WebSite\",\"@id\":\"https:\\\/\\\/djeddi-immobilier.com\\\/fr\\\/#website\",\"url\":\"https:\\\/\\\/djeddi-immobilier.com\\\/fr\\\/\",\"name\":\"DJEDDI IMMOBILIER\",\"description\":\"PROMOTION IMMOBILIERE\",\"potentialAction\":[{\"@type\":\"SearchAction\",\"target\":{\"@type\":\"EntryPoint\",\"urlTemplate\":\"https:\\\/\\\/djeddi-immobilier.com\\\/fr\\\/?s={search_term_string}\"},\"query-input\":{\"@type\":\"PropertyValueSpecification\",\"valueRequired\":true,\"valueName\":\"search_term_string\"}}],\"inLanguage\":\"fr-FR\"}]}<\/script>\n<!-- \/ Yoast SEO Premium plugin. -->","yoast_head_json":{"title":"Promotion-immobiliere-djeddi-tigzirt-tizi-ouzou-algerie -","description":"Prmotion immobili\u00e8re. Vente appartements, locaux commerciaux. Entreprise de construction et b\u00e2timent. Centrale \u00e0 b\u00e9ton. Tizi Ouzou Algerie.","robots":{"index":"index","follow":"follow","max-snippet":"max-snippet:-1","max-image-preview":"max-image-preview:large","max-video-preview":"max-video-preview:-1"},"canonical":"https:\/\/djeddi-immobilier.com\/fr\/","og_locale":"fr_FR","og_type":"article","og_title":"Promotion-immobiliere-djeddi-tigzirt-tizi-ouzou-algerie","og_description":"Prmotion immobili\u00e8re. Vente appartements, locaux commerciaux. Entreprise de construction et b\u00e2timent. Centrale \u00e0 b\u00e9ton. Tizi Ouzou Algerie.","og_url":"https:\/\/djeddi-immobilier.com\/fr\/","og_site_name":"DJEDDI IMMOBILIER","article_modified_time":"2022-06-01T15:23:14+00:00","twitter_card":"summary_large_image","twitter_misc":{"Dur\u00e9e de lecture estim\u00e9e":"4 minutes"},"schema":{"@context":"https:\/\/schema.org","@graph":[{"@type":"WebPage","@id":"https:\/\/djeddi-immobilier.com\/fr\/","url":"https:\/\/djeddi-immobilier.com\/fr\/","name":"Promotion-immobiliere-djeddi-tigzirt-tizi-ouzou-algerie -","isPartOf":{"@id":"https:\/\/djeddi-immobilier.com\/fr\/#website"},"datePublished":"2020-06-01T03:50:09+00:00","dateModified":"2022-06-01T15:23:14+00:00","description":"Prmotion immobili\u00e8re. Vente appartements, locaux commerciaux. Entreprise de construction et b\u00e2timent. Centrale \u00e0 b\u00e9ton. Tizi Ouzou Algerie.","breadcrumb":{"@id":"https:\/\/djeddi-immobilier.com\/fr\/#breadcrumb"},"inLanguage":"fr-FR","potentialAction":[{"@type":"ReadAction","target":["https:\/\/djeddi-immobilier.com\/fr\/"]}]},{"@type":"BreadcrumbList","@id":"https:\/\/djeddi-immobilier.com\/fr\/#breadcrumb","itemListElement":[{"@type":"ListItem","position":1,"name":"Home","item":"https:\/\/djeddi-immobilier.com\/fr\/"},{"@type":"ListItem","position":2,"name":"Promotion-immobiliere-djeddi-tigzirt-tizi-ouzou-algerie"}]},{"@type":"WebSite","@id":"https:\/\/djeddi-immobilier.com\/fr\/#website","url":"https:\/\/djeddi-immobilier.com\/fr\/","name":"DJEDDI IMMOBILIER","description":"PROMOTION IMMOBILIERE","potentialAction":[{"@type":"SearchAction","target":{"@type":"EntryPoint","urlTemplate":"https:\/\/djeddi-immobilier.com\/fr\/?s={search_term_string}"},"query-input":{"@type":"PropertyValueSpecification","valueRequired":true,"valueName":"search_term_string"}}],"inLanguage":"fr-FR"}]}},"_links":{"self":[{"href":"https:\/\/djeddi-immobilier.com\/fr\/index.php\/wp-json\/wp\/v2\/pages\/2","targetHints":{"allow":["GET"]}}],"collection":[{"href":"https:\/\/djeddi-immobilier.com\/fr\/index.php\/wp-json\/wp\/v2\/pages"}],"about":[{"href":"https:\/\/djeddi-immobilier.com\/fr\/index.php\/wp-json\/wp\/v2\/types\/page"}],"author":[{"embeddable":true,"href":"https:\/\/djeddi-immobilier.com\/fr\/index.php\/wp-json\/wp\/v2\/users\/1"}],"replies":[{"embeddable":true,"href":"https:\/\/djeddi-immobilier.com\/fr\/index.php\/wp-json\/wp\/v2\/comments?post=2"}],"version-history":[{"count":22,"href":"https:\/\/djeddi-immobilier.com\/fr\/index.php\/wp-json\/wp\/v2\/pages\/2\/revisions"}],"predecessor-version":[{"id":420,"href":"https:\/\/djeddi-immobilier.com\/fr\/index.php\/wp-json\/wp\/v2\/pages\/2\/revisions\/420"}],"wp:attachment":[{"href":"https:\/\/djeddi-immobilier.com\/fr\/index.php\/wp-json\/wp\/v2\/media?parent=2"}],"curies":[{"name":"wp","href":"https:\/\/api.w.org\/{rel}","templated":true}]}}