{"id":37,"date":"2020-06-01T08:12:53","date_gmt":"2020-06-01T08:12:53","guid":{"rendered":"http:\/\/sw-themes.com\/porto_dummy\/?page_id=37"},"modified":"2022-01-07T18:41:31","modified_gmt":"2022-01-07T18:41:31","slug":"about-us","status":"publish","type":"page","link":"https:\/\/djeddi-immobilier.com\/fr\/index.php\/about-us\/","title":{"rendered":"QUI SOMMES-NOUS ?"},"content":{"rendered":"<p>[vc_row wrap_container=\u00a0\u00bbyes\u00a0\u00bb is_section=\u00a0\u00bbyes\u00a0\u00bb section_skin=\u00a0\u00bbparallax\u00a0\u00bb remove_margin_top=\u00a0\u00bbyes\u00a0\u00bb remove_margin_bottom=\u00a0\u00bbyes\u00a0\u00bb remove_border=\u00a0\u00bbyes\u00a0\u00bb el_class=\u00a0\u00bbmt-2&Prime;][vc_column][vc_custom_heading text=\u00a0\u00bbAfin d\u2019agr\u00e9menter cet espace, du mieux qu\u2019on peut, voici une r\u00e9ponse succincte et laconique \u00e0 la question : \u00ab\u00a0Qui sommes-Nous ? \u00ab\u00a0 qui est une fa\u00e7on de pr\u00e9senter notre entreprise de sa cr\u00e9ation \u00e0 nos jours.\u00a0\u00bb font_container=\u00a0\u00bbtag:p|font_size:1.2em|text_align:left\u00a0\u00bb use_theme_fonts=\u00a0\u00bbyes\u00a0\u00bb][vc_custom_heading text=\u00a0\u00bbA l\u2019instar des autres r\u00e9gions du pays, la Kabylie enti\u00e8re est un immense chantier dans le domaine du BTP.<br \/>\nLes besoins sociaux, le tourisme, l\u2019atavisme de l\u2019Alg\u00e9rien en g\u00e9n\u00e9ral ont fait et font encore du b\u00e2timent un cr\u00e9neau attractif o\u00f9 tout investissement honn\u00eate est sanctionn\u00e9 par des r\u00e9sultats tr\u00e8s appr\u00e9ciables.<br \/>\nConscients de cette r\u00e9alit\u00e9 et anim\u00e9s de notre volont\u00e9 conjugu\u00e9e au sacrifice de soi, nous nous sommes engouffr\u00e9s dans la voie par la cr\u00e9ation, d\u00e9s 2003, d\u2019une entreprise de b\u00e2timent.<br \/>\nApr\u00e8s une quinzaine d\u2019 ann\u00e9es d\u2019exercice, nous avons r\u00e9alis\u00e9 et vendu des centaines d\u2019appartements, de locaux et de services et acquis une solide r\u00e9putation aupr\u00e8s de notre client\u00e8le de diff\u00e9rentes r\u00e9gions de l\u2019Alg\u00e9rie et de l\u2019\u00e9migration.<br \/>\nLes r\u00e9sultats escompt\u00e9s \u00e9tant au rendez-vous, alors , nous avons cr\u00e9\u00e9 la SARL \u00ab DJEDDI IMMOBILIER \u00bb Promotion immobili\u00e8re-puis la SARL \u00ab M.A .D BUILDING \u00bb et une centrale \u00e0 b\u00e9ton qui travaillent exclusivement pour la promotion immobili\u00e8re. Ainsi, Un groupe familial solide et homog\u00e8ne est n\u00e9.<br \/>\nPar ou\u00ef-dire la bonne r\u00e9putation du consortium \u00ab DJEDDI \u00bb va en grandissant et re\u00e7oit g\u00e9n\u00e9reusement les \u00e9loges et remerciements des clients.<br \/>\nEn effet, dans les transactions, Le mode de r\u00e8glement est arr\u00eat\u00e9 consensuellement avec chaque client en tenant compte de tous les param\u00e8tres sociaux, commerciaux et conjoncturels adapt\u00e9s \u00e0 chaque situation au cas par cas.<br \/>\nEcouter le client, analyser les faits, sugg\u00e9rer et conseiller notre partenaire en faisant preuve d\u2019empathie est la m\u00e9thode de travail que nous privil\u00e9gions accomplie par un personnel comp\u00e9tent en la mati\u00e8re.\u00a0\u00bb font_container=\u00a0\u00bbtag:p|text_align:left\u00a0\u00bb use_theme_fonts=\u00a0\u00bbyes\u00a0\u00bb][vc_row_inner animation_delay=\u00a0\u00bb200&Prime; el_class=\u00a0\u00bbpt-3&Prime; animation_type=\u00a0\u00bbfadeInUp\u00a0\u00bb][vc_column_inner offset=\u00a0\u00bbvc_col-md-4&Prime;]<div class=\"porto-sicon-box custom-info-box-effect p-4 mb-0  wpb_custom_1efe903570d178ff0a9b7bfa5febd3a4 style_1 left-icon\"><div class=\"porto-sicon-left\"><div class=\"porto-just-icon-wrapper porto-icon advanced\" style=\"color:#220c3c;background:transparent;border-style:solid;border-color:#dfdfdf;border-width:1px;width:98px;height:98px;line-height:98px;border-radius:50px;font-size:32px;\"><i class=\"fas fa-building\"><\/i><\/div><\/div><div class=\"porto-sicon-body\"><div class=\"porto-sicon-header\"><h3 class=\"porto-sicon-title\" style=\"font-weight:700;font-size:1.3125rem;line-height:1.28;\">Promotion Immobili\u00e8re<\/h3><p>Pour la r\u00e9alisation des projets immobiliers. Logements, locaux de services, espaces commerciaux ...<\/p><\/div> <!-- header --><div class=\"porto-sicon-description\" style=\"\"><a class=\"porto-sicon-read xx\" href=\"https:\/\/www.portotheme.com\/wordpress\/porto\/construction2\/services\/general-construction\/\" title='General Construction'>Read More<span>&nbsp;&raquo;<\/span><\/a><\/div> <!-- description --><\/div><\/div><!-- porto-sicon-box -->[\/vc_column_inner][vc_column_inner offset=\u00a0\u00bbvc_col-md-4&Prime;]<div class=\"porto-sicon-box custom-info-box-effect p-4 mb-0  wpb_custom_1efe903570d178ff0a9b7bfa5febd3a4 style_1 left-icon\"><div class=\"porto-sicon-left\"><div class=\"porto-just-icon-wrapper porto-icon advanced\" style=\"color:#220c3c;background:transparent;border-style:solid;border-color:#dfdfdf;border-width:1px;width:98px;height:98px;line-height:98px;border-radius:50px;font-size:32px;\"><i class=\"fas fa-home\"><\/i><\/div><\/div><div class=\"porto-sicon-body\"><div class=\"porto-sicon-header\"><h3 class=\"porto-sicon-title\" style=\"font-weight:700;font-size:1.3125rem;line-height:1.28;\">M.A .D BUILDING Entreprise de b\u00e2timent<\/h3><p>Soci\u00e9t\u00e9 appartenant au groupe qui a pour vocation la r\u00e9alisation cl\u00e8 en mains des projets de la promotion.<\/p><\/div> <!-- header --><div class=\"porto-sicon-description\" style=\"\"><a class=\"porto-sicon-read xx\" href=\"https:\/\/www.portotheme.com\/wordpress\/porto\/construction2\/services\/pre-construction\/\" title='General Construction'>Read More<span>&nbsp;&raquo;<\/span><\/a><\/div> <!-- description --><\/div><\/div><!-- porto-sicon-box -->[\/vc_column_inner][vc_column_inner offset=\u00a0\u00bbvc_col-md-4&Prime;]<div class=\"porto-sicon-box custom-info-box-effect p-4 mb-0  wpb_custom_1efe903570d178ff0a9b7bfa5febd3a4 style_1 left-icon\"><div class=\"porto-sicon-left\"><div class=\"porto-just-icon-wrapper porto-icon advanced\" style=\"color:#220c3c;background:transparent;border-style:solid;border-color:#dfdfdf;border-width:1px;width:98px;height:98px;line-height:98px;border-radius:50px;font-size:32px;\"><i class=\"fas fa-industry\"><\/i><\/div><\/div><div class=\"porto-sicon-body\"><div class=\"porto-sicon-header\"><h3 class=\"porto-sicon-title\" style=\"font-weight:700;font-size:1.3125rem;line-height:1.28;\">Centrale \u00e0 BETON<\/h3><p>Acquise afin de fournir en quantit\u00e9 et, surtout, en qualit\u00e9 les besoins en b\u00e9ton pour la construction des promotions.<\/p><\/div> <!-- header --><div class=\"porto-sicon-description\" style=\"\"><a class=\"porto-sicon-read xx\" href=\"https:\/\/www.portotheme.com\/wordpress\/porto\/construction2\/services\/painting\/\" title='General Construction'>Read More<span>&nbsp;&raquo;<\/span><\/a><\/div> <!-- description --><\/div><\/div><!-- porto-sicon-box -->[\/vc_column_inner][\/vc_row_inner][\/vc_column][\/vc_row][vc_row wrap_container=\u00a0\u00bbyes\u00a0\u00bb is_section=\u00a0\u00bbyes\u00a0\u00bb section_skin=\u00a0\u00bbprimary\u00a0\u00bb remove_margin_top=\u00a0\u00bbyes\u00a0\u00bb remove_margin_bottom=\u00a0\u00bbyes\u00a0\u00bb remove_border=\u00a0\u00bbyes\u00a0\u00bb][vc_column width=\u00a0\u00bb1\/3&Prime;][vc_single_image image=\u00a0\u00bb355&Prime; img_size=\u00a0\u00bbfull\u00a0\u00bb alignment=\u00a0\u00bbcenter\u00a0\u00bb onclick=\u00a0\u00bbimg_link_large\u00a0\u00bb lightbox=\u00a0\u00bbyes\u00a0\u00bb image_gallery=\u00a0\u00bbyes\u00a0\u00bb animation_delay=\u00a0\u00bb200&Prime; el_class=\u00a0\u00bbmy-3&Prime; animation_type=\u00a0\u00bbfadeIn\u00a0\u00bb][\/vc_column][vc_column width=\u00a0\u00bb1\/3&Prime;][vc_single_image image=\u00a0\u00bb214&Prime; img_size=\u00a0\u00bbfull\u00a0\u00bb alignment=\u00a0\u00bbcenter\u00a0\u00bb onclick=\u00a0\u00bbimg_link_large\u00a0\u00bb lightbox=\u00a0\u00bbyes\u00a0\u00bb image_gallery=\u00a0\u00bbyes\u00a0\u00bb animation_delay=\u00a0\u00bb500&Prime; el_class=\u00a0\u00bbmy-3&Prime; animation_type=\u00a0\u00bbfadeIn\u00a0\u00bb][\/vc_column][vc_column width=\u00a0\u00bb1\/3&Prime;][vc_single_image image=\u00a0\u00bb356&Prime; img_size=\u00a0\u00bbfull\u00a0\u00bb alignment=\u00a0\u00bbcenter\u00a0\u00bb onclick=\u00a0\u00bbimg_link_large\u00a0\u00bb lightbox=\u00a0\u00bbyes\u00a0\u00bb image_gallery=\u00a0\u00bbyes\u00a0\u00bb animation_delay=\u00a0\u00bb800&Prime; el_class=\u00a0\u00bbmy-3&Prime; animation_type=\u00a0\u00bbfadeIn\u00a0\u00bb][\/vc_column][\/vc_row]<\/p>\n","protected":false},"excerpt":{"rendered":"<p>[vc_row wrap_container=\u00a0\u00bbyes\u00a0\u00bb is_section=\u00a0\u00bbyes\u00a0\u00bb section_skin=\u00a0\u00bbparallax\u00a0\u00bb remove_margin_top=\u00a0\u00bbyes\u00a0\u00bb remove_margin_bottom=\u00a0\u00bbyes\u00a0\u00bb remove_border=\u00a0\u00bbyes\u00a0\u00bb el_class=\u00a0\u00bbmt-2&Prime;][vc_column][vc_custom_heading text=\u00a0\u00bbAfin d\u2019agr\u00e9menter cet espace, du mieux qu\u2019on peut, voici une r\u00e9ponse succincte et laconique \u00e0 la question : \u00ab\u00a0Qui sommes-Nous ? \u00ab\u00a0 qui est une fa\u00e7on de pr\u00e9senter notre entreprise de sa cr\u00e9ation \u00e0 nos jours.\u00a0\u00bb font_container=\u00a0\u00bbtag:p|font_size:1.2em|text_align:left\u00a0\u00bb use_theme_fonts=\u00a0\u00bbyes\u00a0\u00bb][vc_custom_heading text=\u00a0\u00bbA l\u2019instar des autres r\u00e9gions du pays, la Kabylie [&hellip;]<\/p>\n","protected":false},"author":1,"featured_media":0,"parent":0,"menu_order":0,"comment_status":"closed","ping_status":"closed","template":"","meta":{"footnotes":""},"class_list":["post-37","page","type-page","status-publish","hentry"],"yoast_head":"<!-- This site is optimized with the Yoast SEO Premium plugin v16.6 (Yoast SEO v27.3) - https:\/\/yoast.com\/product\/yoast-seo-premium-wordpress\/ -->\n<title>QUI SOMMES-NOUS ? - DJEDDI IMMOBILIER<\/title>\n<meta name=\"robots\" content=\"index, follow, max-snippet:-1, max-image-preview:large, max-video-preview:-1\" \/>\n<link rel=\"canonical\" href=\"https:\/\/djeddi-immobilier.com\/fr\/index.php\/about-us\/\" \/>\n<meta property=\"og:locale\" content=\"fr_FR\" \/>\n<meta property=\"og:type\" content=\"article\" \/>\n<meta property=\"og:title\" content=\"QUI SOMMES-NOUS ?\" \/>\n<meta property=\"og:description\" content=\"[vc_row wrap_container=\u00a0\u00bbyes\u00a0\u00bb is_section=\u00a0\u00bbyes\u00a0\u00bb section_skin=\u00a0\u00bbparallax\u00a0\u00bb remove_margin_top=\u00a0\u00bbyes\u00a0\u00bb remove_margin_bottom=\u00a0\u00bbyes\u00a0\u00bb remove_border=\u00a0\u00bbyes\u00a0\u00bb el_class=\u00a0\u00bbmt-2&Prime;][vc_column][vc_custom_heading text=\u00a0\u00bbAfin d\u2019agr\u00e9menter cet espace, du mieux qu\u2019on peut, voici une r\u00e9ponse succincte et laconique \u00e0 la question : \u00ab\u00a0Qui sommes-Nous ? \u00ab\u00a0 qui est une fa\u00e7on de pr\u00e9senter notre entreprise de sa cr\u00e9ation \u00e0 nos jours.\u00a0\u00bb font_container=\u00a0\u00bbtag:p|font_size:1.2em|text_align:left\u00a0\u00bb use_theme_fonts=\u00a0\u00bbyes\u00a0\u00bb][vc_custom_heading text=\u00a0\u00bbA l\u2019instar des autres r\u00e9gions du pays, la Kabylie [&hellip;]\" \/>\n<meta property=\"og:url\" content=\"https:\/\/djeddi-immobilier.com\/fr\/index.php\/about-us\/\" \/>\n<meta property=\"og:site_name\" content=\"DJEDDI IMMOBILIER\" \/>\n<meta property=\"article:modified_time\" content=\"2022-01-07T18:41:31+00:00\" \/>\n<meta name=\"twitter:card\" content=\"summary_large_image\" \/>\n<meta name=\"twitter:label1\" content=\"Dur\u00e9e de lecture estim\u00e9e\" \/>\n\t<meta name=\"twitter:data1\" content=\"4 minutes\" \/>\n<script type=\"application\/ld+json\" class=\"yoast-schema-graph\">{\"@context\":\"https:\\\/\\\/schema.org\",\"@graph\":[{\"@type\":\"WebPage\",\"@id\":\"https:\\\/\\\/djeddi-immobilier.com\\\/fr\\\/index.php\\\/about-us\\\/\",\"url\":\"https:\\\/\\\/djeddi-immobilier.com\\\/fr\\\/index.php\\\/about-us\\\/\",\"name\":\"QUI SOMMES-NOUS ? - DJEDDI IMMOBILIER\",\"isPartOf\":{\"@id\":\"https:\\\/\\\/djeddi-immobilier.com\\\/fr\\\/#website\"},\"datePublished\":\"2020-06-01T08:12:53+00:00\",\"dateModified\":\"2022-01-07T18:41:31+00:00\",\"breadcrumb\":{\"@id\":\"https:\\\/\\\/djeddi-immobilier.com\\\/fr\\\/index.php\\\/about-us\\\/#breadcrumb\"},\"inLanguage\":\"fr-FR\",\"potentialAction\":[{\"@type\":\"ReadAction\",\"target\":[\"https:\\\/\\\/djeddi-immobilier.com\\\/fr\\\/index.php\\\/about-us\\\/\"]}]},{\"@type\":\"BreadcrumbList\",\"@id\":\"https:\\\/\\\/djeddi-immobilier.com\\\/fr\\\/index.php\\\/about-us\\\/#breadcrumb\",\"itemListElement\":[{\"@type\":\"ListItem\",\"position\":1,\"name\":\"Home\",\"item\":\"https:\\\/\\\/djeddi-immobilier.com\\\/fr\\\/\"},{\"@type\":\"ListItem\",\"position\":2,\"name\":\"QUI SOMMES-NOUS ?\"}]},{\"@type\":\"WebSite\",\"@id\":\"https:\\\/\\\/djeddi-immobilier.com\\\/fr\\\/#website\",\"url\":\"https:\\\/\\\/djeddi-immobilier.com\\\/fr\\\/\",\"name\":\"DJEDDI IMMOBILIER\",\"description\":\"PROMOTION IMMOBILIERE\",\"potentialAction\":[{\"@type\":\"SearchAction\",\"target\":{\"@type\":\"EntryPoint\",\"urlTemplate\":\"https:\\\/\\\/djeddi-immobilier.com\\\/fr\\\/?s={search_term_string}\"},\"query-input\":{\"@type\":\"PropertyValueSpecification\",\"valueRequired\":true,\"valueName\":\"search_term_string\"}}],\"inLanguage\":\"fr-FR\"}]}<\/script>\n<!-- \/ Yoast SEO Premium plugin. -->","yoast_head_json":{"title":"QUI SOMMES-NOUS ? - DJEDDI IMMOBILIER","robots":{"index":"index","follow":"follow","max-snippet":"max-snippet:-1","max-image-preview":"max-image-preview:large","max-video-preview":"max-video-preview:-1"},"canonical":"https:\/\/djeddi-immobilier.com\/fr\/index.php\/about-us\/","og_locale":"fr_FR","og_type":"article","og_title":"QUI SOMMES-NOUS ?","og_description":"[vc_row wrap_container=\u00a0\u00bbyes\u00a0\u00bb is_section=\u00a0\u00bbyes\u00a0\u00bb section_skin=\u00a0\u00bbparallax\u00a0\u00bb remove_margin_top=\u00a0\u00bbyes\u00a0\u00bb remove_margin_bottom=\u00a0\u00bbyes\u00a0\u00bb remove_border=\u00a0\u00bbyes\u00a0\u00bb el_class=\u00a0\u00bbmt-2&Prime;][vc_column][vc_custom_heading text=\u00a0\u00bbAfin d\u2019agr\u00e9menter cet espace, du mieux qu\u2019on peut, voici une r\u00e9ponse succincte et laconique \u00e0 la question : \u00ab\u00a0Qui sommes-Nous ? \u00ab\u00a0 qui est une fa\u00e7on de pr\u00e9senter notre entreprise de sa cr\u00e9ation \u00e0 nos jours.\u00a0\u00bb font_container=\u00a0\u00bbtag:p|font_size:1.2em|text_align:left\u00a0\u00bb use_theme_fonts=\u00a0\u00bbyes\u00a0\u00bb][vc_custom_heading text=\u00a0\u00bbA l\u2019instar des autres r\u00e9gions du pays, la Kabylie [&hellip;]","og_url":"https:\/\/djeddi-immobilier.com\/fr\/index.php\/about-us\/","og_site_name":"DJEDDI IMMOBILIER","article_modified_time":"2022-01-07T18:41:31+00:00","twitter_card":"summary_large_image","twitter_misc":{"Dur\u00e9e de lecture estim\u00e9e":"4 minutes"},"schema":{"@context":"https:\/\/schema.org","@graph":[{"@type":"WebPage","@id":"https:\/\/djeddi-immobilier.com\/fr\/index.php\/about-us\/","url":"https:\/\/djeddi-immobilier.com\/fr\/index.php\/about-us\/","name":"QUI SOMMES-NOUS ? - DJEDDI IMMOBILIER","isPartOf":{"@id":"https:\/\/djeddi-immobilier.com\/fr\/#website"},"datePublished":"2020-06-01T08:12:53+00:00","dateModified":"2022-01-07T18:41:31+00:00","breadcrumb":{"@id":"https:\/\/djeddi-immobilier.com\/fr\/index.php\/about-us\/#breadcrumb"},"inLanguage":"fr-FR","potentialAction":[{"@type":"ReadAction","target":["https:\/\/djeddi-immobilier.com\/fr\/index.php\/about-us\/"]}]},{"@type":"BreadcrumbList","@id":"https:\/\/djeddi-immobilier.com\/fr\/index.php\/about-us\/#breadcrumb","itemListElement":[{"@type":"ListItem","position":1,"name":"Home","item":"https:\/\/djeddi-immobilier.com\/fr\/"},{"@type":"ListItem","position":2,"name":"QUI SOMMES-NOUS ?"}]},{"@type":"WebSite","@id":"https:\/\/djeddi-immobilier.com\/fr\/#website","url":"https:\/\/djeddi-immobilier.com\/fr\/","name":"DJEDDI IMMOBILIER","description":"PROMOTION IMMOBILIERE","potentialAction":[{"@type":"SearchAction","target":{"@type":"EntryPoint","urlTemplate":"https:\/\/djeddi-immobilier.com\/fr\/?s={search_term_string}"},"query-input":{"@type":"PropertyValueSpecification","valueRequired":true,"valueName":"search_term_string"}}],"inLanguage":"fr-FR"}]}},"_links":{"self":[{"href":"https:\/\/djeddi-immobilier.com\/fr\/index.php\/wp-json\/wp\/v2\/pages\/37","targetHints":{"allow":["GET"]}}],"collection":[{"href":"https:\/\/djeddi-immobilier.com\/fr\/index.php\/wp-json\/wp\/v2\/pages"}],"about":[{"href":"https:\/\/djeddi-immobilier.com\/fr\/index.php\/wp-json\/wp\/v2\/types\/page"}],"author":[{"embeddable":true,"href":"https:\/\/djeddi-immobilier.com\/fr\/index.php\/wp-json\/wp\/v2\/users\/1"}],"replies":[{"embeddable":true,"href":"https:\/\/djeddi-immobilier.com\/fr\/index.php\/wp-json\/wp\/v2\/comments?post=37"}],"version-history":[{"count":8,"href":"https:\/\/djeddi-immobilier.com\/fr\/index.php\/wp-json\/wp\/v2\/pages\/37\/revisions"}],"predecessor-version":[{"id":350,"href":"https:\/\/djeddi-immobilier.com\/fr\/index.php\/wp-json\/wp\/v2\/pages\/37\/revisions\/350"}],"wp:attachment":[{"href":"https:\/\/djeddi-immobilier.com\/fr\/index.php\/wp-json\/wp\/v2\/media?parent=37"}],"curies":[{"name":"wp","href":"https:\/\/api.w.org\/{rel}","templated":true}]}}